
{"id":972,"date":"2023-09-19T08:19:53","date_gmt":"2023-09-19T08:19:53","guid":{"rendered":"https:\/\/firma.ejuniper.com\/?page_id=972"},"modified":"2024-07-08T15:46:41","modified_gmt":"2024-07-08T15:46:41","slug":"firma-nueva","status":"publish","type":"page","link":"https:\/\/firma.ejuniper.com\/es\/","title":{"rendered":"Firma &#8211; Nueva"},"content":{"rendered":"\t\t<div data-elementor-type=\"wp-page\" data-elementor-id=\"972\" class=\"elementor elementor-972\" data-elementor-post-type=\"page\">\n\t\t\t\t\t\t<section class=\"elementor-section elementor-top-section elementor-element elementor-element-931cbfc elementor-section-full_width elementor-section-height-default elementor-section-height-default\" data-id=\"931cbfc\" data-element_type=\"section\" data-e-type=\"section\" data-settings=\"{&quot;background_background&quot;:&quot;classic&quot;}\">\n\t\t\t\t\t\t<div class=\"elementor-container elementor-column-gap-custom\">\n\t\t\t\t\t<div class=\"elementor-column elementor-col-50 elementor-top-column elementor-element elementor-element-583340a\" data-id=\"583340a\" data-element_type=\"column\" data-e-type=\"column\" data-settings=\"{&quot;background_background&quot;:&quot;classic&quot;}\">\n\t\t\t<div class=\"elementor-widget-wrap elementor-element-populated\">\n\t\t\t\t\t\t<div class=\"elementor-element elementor-element-5188581 elementor-widget elementor-widget-html\" data-id=\"5188581\" data-element_type=\"widget\" data-e-type=\"widget\" data-widget_type=\"html.default\">\n\t\t\t\t<div class=\"elementor-widget-container\">\n\t\t\t\t\t<a class=\"button button-grey\" href=\"https:\/\/firma.ejuniper.com\/generator-full-signature\/\" target=\"_blank\" rel=\"noopener\">\r\n<img decoding=\"async\" src=\"https:\/\/firma.ejuniper.com\/wp-content\/uploads\/sites\/13\/2023\/04\/Tecla-1.svg\" alt=\"Descripci\u00f3n de la imagen\" \/>\r\nFirma completa\r\n<\/a>\t\t\t\t<\/div>\n\t\t\t\t<\/div>\n\t\t\t\t<div class=\"elementor-element elementor-element-136b8ac elementor-widget elementor-widget-html\" data-id=\"136b8ac\" data-element_type=\"widget\" data-e-type=\"widget\" data-widget_type=\"html.default\">\n\t\t\t\t<div class=\"elementor-widget-container\">\n\t\t\t\t\t<a class=\"button button-grey\" href=\"https:\/\/firma.ejuniper.com\/generator-full-signature-with-photo\/\" target=\"_blank\" rel=\"noopener\">\r\n<img decoding=\"async\" src=\"https:\/\/firma.ejuniper.com\/wp-content\/uploads\/sites\/13\/2023\/04\/Tecla-1.svg\" alt=\"Descripci\u00f3n de la imagen\" \/>\r\nFirma completa con foto\r\n<\/a>\t\t\t\t<\/div>\n\t\t\t\t<\/div>\n\t\t\t\t<div class=\"elementor-element elementor-element-fee09c1 elementor-widget elementor-widget-html\" data-id=\"fee09c1\" data-element_type=\"widget\" data-e-type=\"widget\" data-widget_type=\"html.default\">\n\t\t\t\t<div class=\"elementor-widget-container\">\n\t\t\t\t\t<a class=\"button button-grey\" href=\"https:\/\/firma.ejuniper.com\/generator-short-signature\/\" target=\"_blank\" rel=\"noopener\">\r\n<img decoding=\"async\" src=\"https:\/\/firma.ejuniper.com\/wp-content\/uploads\/sites\/13\/2023\/04\/Tecla-1.svg\" alt=\"Descripci\u00f3n de la imagen\" \/>\r\nFirma reducida para respuestas y reenv\u00edos\r\n<\/a>\t\t\t\t<\/div>\n\t\t\t\t<\/div>\n\t\t\t\t<div class=\"elementor-element elementor-element-8a91584 elementor-widget elementor-widget-html\" data-id=\"8a91584\" data-element_type=\"widget\" data-e-type=\"widget\" data-widget_type=\"html.default\">\n\t\t\t\t<div class=\"elementor-widget-container\">\n\t\t\t\t\t<a class=\"button button-grey\" href=\"https:\/\/firma.ejuniper.com\/generator-mobile-signature\/\" target=\"_blank\" rel=\"noopener\">\r\n<img decoding=\"async\" src=\"https:\/\/firma.ejuniper.com\/wp-content\/uploads\/sites\/13\/2023\/04\/Tecla-1.svg\" alt=\"Descripci\u00f3n de la imagen\" \/>\r\nFirma para m\u00f3vil\r\n<\/a>\t\t\t\t<\/div>\n\t\t\t\t<\/div>\n\t\t\t\t\t<\/div>\n\t\t<\/div>\n\t\t\t\t<div class=\"elementor-column elementor-col-50 elementor-top-column elementor-element elementor-element-98905e3\" data-id=\"98905e3\" data-element_type=\"column\" data-e-type=\"column\" data-settings=\"{&quot;background_background&quot;:&quot;classic&quot;}\">\n\t\t\t<div class=\"elementor-widget-wrap elementor-element-populated\">\n\t\t\t\t\t\t<div class=\"elementor-element elementor-element-1564f4d elementor-widget elementor-widget-heading\" data-id=\"1564f4d\" data-element_type=\"widget\" data-e-type=\"widget\" data-widget_type=\"heading.default\">\n\t\t\t\t<div class=\"elementor-widget-container\">\n\t\t\t\t\t<h2 class=\"elementor-heading-title elementor-size-default\">Configura tu firma corporativa<\/h2>\t\t\t\t<\/div>\n\t\t\t\t<\/div>\n\t\t\t\t<div class=\"elementor-element elementor-element-ad11173 elementor-widget elementor-widget-text-editor\" data-id=\"ad11173\" data-element_type=\"widget\" data-e-type=\"widget\" data-widget_type=\"text-editor.default\">\n\t\t\t\t<div class=\"elementor-widget-container\">\n\t\t\t\t\t\t\t\t\t<p><strong>1.\u00a0 Selecciona<\/strong> la firma que quieres configurar.<br \/><strong>2. Completa<\/strong> los campos con tu informaci\u00f3n corporativa.<strong><br \/><\/strong><strong>3. Clica<\/strong> en \u00abGenerate signature\u00bb.<strong><br \/><\/strong><strong>4. Selecciona<\/strong> \u00abCopy Signature\u00bb.<strong><br \/>5. P\u00e9gala<\/strong> en el editor de firmas de tu correo electr\u00f3nico con la combinaci\u00f3n de teclas \u00abctrl v\u00bb en PC o \u00abcmd v\u00bb en Mac.<strong><br \/>6. Reemplaza<\/strong> los datos de contacto con tus datos personales corporativos.<strong><br \/>7. Guarda<\/strong> y utiliza tu firma para intercambiar emails internos y externos.<\/p>\t\t\t\t\t\t\t\t<\/div>\n\t\t\t\t<\/div>\n\t\t\t\t<div class=\"elementor-element elementor-element-b5b1f46 elementor-widget elementor-widget-heading\" data-id=\"b5b1f46\" data-element_type=\"widget\" data-e-type=\"widget\" data-widget_type=\"heading.default\">\n\t\t\t\t<div class=\"elementor-widget-container\">\n\t\t\t\t\t<h2 class=\"elementor-heading-title elementor-size-default\">Consulta el manual para configurar tu firma<\/h2>\t\t\t\t<\/div>\n\t\t\t\t<\/div>\n\t\t\t\t<div class=\"elementor-element elementor-element-7d34651 elementor-widget elementor-widget-text-editor\" data-id=\"7d34651\" data-element_type=\"widget\" data-e-type=\"widget\" data-widget_type=\"text-editor.default\">\n\t\t\t\t<div class=\"elementor-widget-container\">\n\t\t\t\t\t\t\t\t\t<p><a href=\"http:\/\/firma.ejuniper.com\/wp-content\/uploads\/sites\/13\/2023\/05\/Manual-Outlook-2023_ES.pdf\" target=\"_blank\" rel=\"noopener\">Manual de firmas para Outlook<\/a><\/p>\t\t\t\t\t\t\t\t<\/div>\n\t\t\t\t<\/div>\n\t\t\t\t\t<\/div>\n\t\t<\/div>\n\t\t\t\t\t<\/div>\n\t\t<\/section>\n\t\t\t\t<footer class=\"elementor-section elementor-top-section elementor-element elementor-element-3b8476a elementor-section-content-middle elementor-section-full_width elementor-section-height-default elementor-section-height-default\" data-id=\"3b8476a\" data-element_type=\"section\" data-e-type=\"section\">\n\t\t\t\t\t\t<div class=\"elementor-container elementor-column-gap-default\">\n\t\t\t\t\t<div class=\"elementor-column elementor-col-100 elementor-top-column elementor-element elementor-element-00c43f2\" data-id=\"00c43f2\" data-element_type=\"column\" data-e-type=\"column\">\n\t\t\t<div class=\"elementor-widget-wrap elementor-element-populated\">\n\t\t\t\t\t\t<section class=\"elementor-section elementor-inner-section elementor-element elementor-element-f419c19 elementor-section-content-middle elementor-section-boxed elementor-section-height-default elementor-section-height-default\" data-id=\"f419c19\" data-element_type=\"section\" data-e-type=\"section\">\n\t\t\t\t\t\t<div class=\"elementor-container elementor-column-gap-default\">\n\t\t\t\t\t<div class=\"elementor-column elementor-col-100 elementor-inner-column elementor-element elementor-element-9842dcd\" data-id=\"9842dcd\" data-element_type=\"column\" data-e-type=\"column\">\n\t\t\t<div class=\"elementor-widget-wrap elementor-element-populated\">\n\t\t\t\t\t\t<div class=\"elementor-element elementor-element-4350ae5 elementor-widget elementor-widget-text-editor\" data-id=\"4350ae5\" data-element_type=\"widget\" data-e-type=\"widget\" data-widget_type=\"text-editor.default\">\n\t\t\t\t<div class=\"elementor-widget-container\">\n\t\t\t\t\t\t\t\t\t<p>\u00a9 2003 &#8211; 2026 <a href=\"https:\/\/www.ejuniper.com\/\" target=\"_blank\" rel=\"noopener\">Juniper Travel Technology<\/a> &#8211; All rights reserved<\/p>\t\t\t\t\t\t\t\t<\/div>\n\t\t\t\t<\/div>\n\t\t\t\t<div class=\"elementor-element elementor-element-b6d3b31 elementor-widget elementor-widget-html\" data-id=\"b6d3b31\" data-element_type=\"widget\" data-e-type=\"widget\" data-widget_type=\"html.default\">\n\t\t\t\t<div class=\"elementor-widget-container\">\n\t\t\t\t\t<a href=\"https:\/\/ejuniper.com\/es\/\" target=\"_blank\"><img decoding=\"async\" src=\"https:\/\/static.ejuniper.com\/firma\/logos\/logo_juniper.png\" width=\"100%\" class=\"fotter_logo_juniper\">\n<img decoding=\"async\" src=\"https:\/\/static.ejuniper.com\/firma\/logos\/logo_juniper.png\" width=\"100%\" class=\"fotter_logo_juniper_mob\">\n<\/a>\n\n<style>\n    .fotter_logo_juniper {\n        display: block;\n    max-width: 156px !important;\n    \/* width: 700px; *\/\n    margin: 0 auto;\n    }\n    .fotter_logo_juniper_mob {\n        display: none;\n        max-width: 156px !important;\n        margin: 0 auto;\n    }\n    @media (max-width: 156px) {\n   .fotter_logo_juniper {\n        display: none;\n    }\n    .fotter_logo_juniper_mob {\n        display: block;\n    }\n}\n<\/style>\t\t\t\t<\/div>\n\t\t\t\t<\/div>\n\t\t\t\t<div class=\"elementor-element elementor-element-70c68ec elementor-widget elementor-widget-html\" data-id=\"70c68ec\" data-element_type=\"widget\" data-e-type=\"widget\" data-widget_type=\"html.default\">\n\t\t\t\t<div class=\"elementor-widget-container\">\n\t\t\t\t\t<a href=\"https:\/\/links.ejuniper.com\/websites\/\" target=\"_blank\"><img decoding=\"async\" src=\"https:\/\/static.ejuniper.com\/firma\/logos\/logos_divisiones_footer.png\" width=\"100%\" class=\"fotter_divisiones\"><\/a>\n\n\n<style>\n    .fotter_divisiones {\n        display: block;\n    max-width: 600px !important;\n    \/* width: 700px; *\/\n    margin: 0 auto;\n    }\n}\n<\/style>\t\t\t\t<\/div>\n\t\t\t\t<\/div>\n\t\t\t\t\t<\/div>\n\t\t<\/div>\n\t\t\t\t\t<\/div>\n\t\t<\/section>\n\t\t\t\t\t<\/div>\n\t\t<\/div>\n\t\t\t\t\t<\/div>\n\t\t<\/footer>\n\t\t\t\t<\/div>\n\t\t","protected":false},"excerpt":{"rendered":"<p>Firma completa Firma completa con foto Firma reducida para respuestas y reenv\u00edos Firma para m\u00f3vil Configura tu firma corporativa 1.\u00a0 Selecciona la firma que quieres configurar.2. Completa los campos con tu informaci\u00f3n corporativa.3. Clica en \u00abGenerate signature\u00bb.4. Selecciona \u00abCopy Signature\u00bb.5. P\u00e9gala en el editor de firmas de tu correo electr\u00f3nico con la combinaci\u00f3n de teclas [&hellip;]<\/p>\n","protected":false},"author":1,"featured_media":0,"parent":0,"menu_order":0,"comment_status":"closed","ping_status":"closed","template":"page_twenty.php","meta":{"footnotes":""},"class_list":["post-972","page","type-page","status-publish","hentry"],"yoast_head":"<!-- This site is optimized with the Yoast SEO plugin v27.3 - https:\/\/yoast.com\/product\/yoast-seo-wordpress\/ -->\n<title>Firma - Nueva - Firmas corporativas de Juniper<\/title>\n<meta name=\"robots\" content=\"noindex, follow, max-snippet:-1, max-image-preview:large, max-video-preview:-1\" \/>\n<meta property=\"og:locale\" content=\"es_ES\" \/>\n<meta property=\"og:type\" content=\"article\" \/>\n<meta property=\"og:title\" content=\"Firma - Nueva - Firmas corporativas de Juniper\" \/>\n<meta property=\"og:description\" content=\"Firma completa Firma completa con foto Firma reducida para respuestas y reenv\u00edos Firma para m\u00f3vil Configura tu firma corporativa 1.\u00a0 Selecciona la firma que quieres configurar.2. Completa los campos con tu informaci\u00f3n corporativa.3. Clica en \u00abGenerate signature\u00bb.4. Selecciona \u00abCopy Signature\u00bb.5. P\u00e9gala en el editor de firmas de tu correo electr\u00f3nico con la combinaci\u00f3n de teclas [&hellip;]\" \/>\n<meta property=\"og:url\" content=\"https:\/\/firma.ejuniper.com\/\" \/>\n<meta property=\"og:site_name\" content=\"Firmas corporativas de Juniper\" \/>\n<meta property=\"article:modified_time\" content=\"2024-07-08T15:46:41+00:00\" \/>\n<meta property=\"og:image\" content=\"https:\/\/firma.ejuniper.com\/wp-content\/uploads\/sites\/13\/2023\/04\/Tecla-1.svg\" \/>\n<meta name=\"twitter:card\" content=\"summary_large_image\" \/>\n<meta name=\"twitter:label1\" content=\"Tiempo de lectura\" \/>\n\t<meta name=\"twitter:data1\" content=\"2 minutos\" \/>\n<script type=\"application\/ld+json\" class=\"yoast-schema-graph\">{\"@context\":\"https:\\\/\\\/schema.org\",\"@graph\":[{\"@type\":\"WebPage\",\"@id\":\"https:\\\/\\\/firma.ejuniper.com\\\/\",\"url\":\"https:\\\/\\\/firma.ejuniper.com\\\/\",\"name\":\"Firma - Nueva - Firmas corporativas de Juniper\",\"isPartOf\":{\"@id\":\"https:\\\/\\\/firma.ejuniper.com\\\/#website\"},\"primaryImageOfPage\":{\"@id\":\"https:\\\/\\\/firma.ejuniper.com\\\/#primaryimage\"},\"image\":{\"@id\":\"https:\\\/\\\/firma.ejuniper.com\\\/#primaryimage\"},\"thumbnailUrl\":\"https:\\\/\\\/firma.ejuniper.com\\\/wp-content\\\/uploads\\\/sites\\\/13\\\/2023\\\/04\\\/Tecla-1.svg\",\"datePublished\":\"2023-09-19T08:19:53+00:00\",\"dateModified\":\"2024-07-08T15:46:41+00:00\",\"breadcrumb\":{\"@id\":\"https:\\\/\\\/firma.ejuniper.com\\\/#breadcrumb\"},\"inLanguage\":\"es\",\"potentialAction\":[{\"@type\":\"ReadAction\",\"target\":[\"https:\\\/\\\/firma.ejuniper.com\\\/\"]}]},{\"@type\":\"ImageObject\",\"inLanguage\":\"es\",\"@id\":\"https:\\\/\\\/firma.ejuniper.com\\\/#primaryimage\",\"url\":\"https:\\\/\\\/firma.ejuniper.com\\\/wp-content\\\/uploads\\\/sites\\\/13\\\/2023\\\/04\\\/Tecla-1.svg\",\"contentUrl\":\"https:\\\/\\\/firma.ejuniper.com\\\/wp-content\\\/uploads\\\/sites\\\/13\\\/2023\\\/04\\\/Tecla-1.svg\"},{\"@type\":\"BreadcrumbList\",\"@id\":\"https:\\\/\\\/firma.ejuniper.com\\\/#breadcrumb\",\"itemListElement\":[{\"@type\":\"ListItem\",\"position\":1,\"name\":\"Portada\",\"item\":\"https:\\\/\\\/firma.ejuniper.com\\\/\"},{\"@type\":\"ListItem\",\"position\":2,\"name\":\"Firma &#8211; Nueva\"}]},{\"@type\":\"WebSite\",\"@id\":\"https:\\\/\\\/firma.ejuniper.com\\\/#website\",\"url\":\"https:\\\/\\\/firma.ejuniper.com\\\/\",\"name\":\"Firmas corporativas de Juniper\",\"description\":\"Firmas corporativas\",\"potentialAction\":[{\"@type\":\"SearchAction\",\"target\":{\"@type\":\"EntryPoint\",\"urlTemplate\":\"https:\\\/\\\/firma.ejuniper.com\\\/?s={search_term_string}\"},\"query-input\":{\"@type\":\"PropertyValueSpecification\",\"valueRequired\":true,\"valueName\":\"search_term_string\"}}],\"inLanguage\":\"es\"}]}<\/script>\n<!-- \/ Yoast SEO plugin. -->","yoast_head_json":{"title":"Firma - Nueva - Firmas corporativas de Juniper","robots":{"index":"noindex","follow":"follow","max-snippet":"max-snippet:-1","max-image-preview":"max-image-preview:large","max-video-preview":"max-video-preview:-1"},"og_locale":"es_ES","og_type":"article","og_title":"Firma - Nueva - Firmas corporativas de Juniper","og_description":"Firma completa Firma completa con foto Firma reducida para respuestas y reenv\u00edos Firma para m\u00f3vil Configura tu firma corporativa 1.\u00a0 Selecciona la firma que quieres configurar.2. Completa los campos con tu informaci\u00f3n corporativa.3. Clica en \u00abGenerate signature\u00bb.4. Selecciona \u00abCopy Signature\u00bb.5. P\u00e9gala en el editor de firmas de tu correo electr\u00f3nico con la combinaci\u00f3n de teclas [&hellip;]","og_url":"https:\/\/firma.ejuniper.com\/","og_site_name":"Firmas corporativas de Juniper","article_modified_time":"2024-07-08T15:46:41+00:00","og_image":[{"url":"https:\/\/firma.ejuniper.com\/wp-content\/uploads\/sites\/13\/2023\/04\/Tecla-1.svg","type":"","width":"","height":""}],"twitter_card":"summary_large_image","twitter_misc":{"Tiempo de lectura":"2 minutos"},"schema":{"@context":"https:\/\/schema.org","@graph":[{"@type":"WebPage","@id":"https:\/\/firma.ejuniper.com\/","url":"https:\/\/firma.ejuniper.com\/","name":"Firma - Nueva - Firmas corporativas de Juniper","isPartOf":{"@id":"https:\/\/firma.ejuniper.com\/#website"},"primaryImageOfPage":{"@id":"https:\/\/firma.ejuniper.com\/#primaryimage"},"image":{"@id":"https:\/\/firma.ejuniper.com\/#primaryimage"},"thumbnailUrl":"https:\/\/firma.ejuniper.com\/wp-content\/uploads\/sites\/13\/2023\/04\/Tecla-1.svg","datePublished":"2023-09-19T08:19:53+00:00","dateModified":"2024-07-08T15:46:41+00:00","breadcrumb":{"@id":"https:\/\/firma.ejuniper.com\/#breadcrumb"},"inLanguage":"es","potentialAction":[{"@type":"ReadAction","target":["https:\/\/firma.ejuniper.com\/"]}]},{"@type":"ImageObject","inLanguage":"es","@id":"https:\/\/firma.ejuniper.com\/#primaryimage","url":"https:\/\/firma.ejuniper.com\/wp-content\/uploads\/sites\/13\/2023\/04\/Tecla-1.svg","contentUrl":"https:\/\/firma.ejuniper.com\/wp-content\/uploads\/sites\/13\/2023\/04\/Tecla-1.svg"},{"@type":"BreadcrumbList","@id":"https:\/\/firma.ejuniper.com\/#breadcrumb","itemListElement":[{"@type":"ListItem","position":1,"name":"Portada","item":"https:\/\/firma.ejuniper.com\/"},{"@type":"ListItem","position":2,"name":"Firma &#8211; Nueva"}]},{"@type":"WebSite","@id":"https:\/\/firma.ejuniper.com\/#website","url":"https:\/\/firma.ejuniper.com\/","name":"Firmas corporativas de Juniper","description":"Firmas corporativas","potentialAction":[{"@type":"SearchAction","target":{"@type":"EntryPoint","urlTemplate":"https:\/\/firma.ejuniper.com\/?s={search_term_string}"},"query-input":{"@type":"PropertyValueSpecification","valueRequired":true,"valueName":"search_term_string"}}],"inLanguage":"es"}]}},"_links":{"self":[{"href":"https:\/\/firma.ejuniper.com\/es\/wp-json\/wp\/v2\/pages\/972","targetHints":{"allow":["GET"]}}],"collection":[{"href":"https:\/\/firma.ejuniper.com\/es\/wp-json\/wp\/v2\/pages"}],"about":[{"href":"https:\/\/firma.ejuniper.com\/es\/wp-json\/wp\/v2\/types\/page"}],"author":[{"embeddable":true,"href":"https:\/\/firma.ejuniper.com\/es\/wp-json\/wp\/v2\/users\/1"}],"replies":[{"embeddable":true,"href":"https:\/\/firma.ejuniper.com\/es\/wp-json\/wp\/v2\/comments?post=972"}],"version-history":[{"count":28,"href":"https:\/\/firma.ejuniper.com\/es\/wp-json\/wp\/v2\/pages\/972\/revisions"}],"predecessor-version":[{"id":1136,"href":"https:\/\/firma.ejuniper.com\/es\/wp-json\/wp\/v2\/pages\/972\/revisions\/1136"}],"wp:attachment":[{"href":"https:\/\/firma.ejuniper.com\/es\/wp-json\/wp\/v2\/media?parent=972"}],"curies":[{"name":"wp","href":"https:\/\/api.w.org\/{rel}","templated":true}]}}